{"id":8471,"date":"2020-03-23T14:31:20","date_gmt":"2020-03-23T11:31:20","guid":{"rendered":"https:\/\/www.iklimiduy.org\/proje-hakkinda\/"},"modified":"2021-05-10T09:51:45","modified_gmt":"2021-05-10T06:51:45","slug":"about-the-project","status":"publish","type":"page","link":"https:\/\/www.iklimiduy.org\/en\/about-the-project\/","title":{"rendered":"About the Project"},"content":{"rendered":"<section class=\"l-section wpb_row height_huge color_primary with_img parallax_ver with_overlay with_shape\"><div class=\"l-section-img\" style=\"background-image: url(https:\/\/www.iklimiduy.org\/wp-content\/uploads\/2020\/04\/iklimiduybg.jpg);background-repeat: no-repeat;\" data-img-width=\"1920\" data-img-height=\"1080\"><\/div><div class=\"l-section-overlay\" style=\"background: linear-gradient(90deg,rgba(34,170,134,0.10),rgba(0,165,212,0.10))\"><\/div><div class=\"l-section-shape type_zigzag pos_bottom\" style=\"color:var(--color-content-bg);\"><svg xmlns=\"http:\/\/www.w3.org\/2000\/svg\" viewBox=\"0 0 64 8\" preserveAspectRatio=\"none\" width=\"100%\" height=\"100%\">\r\n\t<path fill=\"currentColor\" d=\"M64 8 L0 8 L0 0 L20 7.9 L40 3 L48 5 L64 0 Z\"\/>\r\n<\/svg><\/div><div class=\"l-section-h i-cf\"><div class=\"g-cols vc_row type_default valign_top\"><div class=\"vc_col-sm-6 wpb_column vc_column_container\"><div class=\"vc_column-inner\"><div class=\"wpb_wrapper\"><div class=\"wpb_text_column\" ><div class=\"wpb_wrapper\"><h1 style=\"text-align: left;\">\u0130klimiDuy<\/h1>\n<h4 style=\"text-align: left;\">About the Project<br \/>\nProject Team<br \/>\nProject Support Team<\/h4>\n<\/div><\/div><\/div><\/div><\/div><div class=\"vc_col-sm-6 wpb_column vc_column_container\"><div class=\"vc_column-inner\"><div class=\"wpb_wrapper\"><\/div><\/div><\/div><\/div><\/div><\/section><section class=\"l-section wpb_row height_medium\" id=\"why-us\"><div class=\"l-section-h i-cf\"><div class=\"g-cols vc_row type_default valign_top\"><div class=\"vc_col-sm-12 wpb_column vc_column_container\"><div class=\"vc_column-inner\"><div class=\"wpb_wrapper\"><div class=\"w-separator size_medium with_line width_default thick_1 style_solid color_border align_center with_text with_content\"><div class=\"w-separator-h\"><h2 class=\"w-separator-text\"><span>About the Project<\/span><\/h2><\/div><\/div><div class=\"wpb_text_column us_custom_3e579a9b\" ><div class=\"wpb_wrapper\"><p>The project titled \u201cTraining on Organizational Capacity Building for Climate Change Adaptation\u201d, which is financed by the European Union and the beneficiary institution of which is the Ministry of Environment and Urbanization, is carried out by a consortium led by WEglobal. Within the scope of the project, the purpose is to increase the capacities of the organizations that are members of the Climate Change and Air Management Coordination Board, in adaptation to climate change. The 16-month project started on January 2, 2020, will end on September 30 ,2021 and the budget for the project is Euro 290,000.<\/p>\n<p>The contracting authority of the project is the Directorate General of the EU and Foreign Relations of the Ministry of Environment and Urbanization and the project is coordinated by the Department of Climate Change and Adaptation of the Directorate General of Environmental Management.<\/p>\n<\/div><\/div><\/div><\/div><\/div><\/div><\/div><\/section><section class=\"l-section wpb_row height_medium\" id=\"why-us\"><div class=\"l-section-h i-cf\"><div class=\"g-cols vc_row type_default valign_top\"><div class=\"vc_col-sm-6 wpb_column vc_column_container\"><div class=\"vc_column-inner\"><div class=\"wpb_wrapper\"><div class=\"w-separator size_medium with_line width_default thick_1 style_solid color_border align_center with_text with_content\"><div class=\"w-separator-h\"><h2 class=\"w-separator-text\"><span>Project Team<\/span><\/h2><\/div><\/div><div class=\"wpb_text_column\" ><div class=\"wpb_wrapper\"><h6 style=\"text-align: center;\"><strong>Ministry of Environment and Urbanization<\/strong><\/h6>\n<p style=\"text-align: center;\">Eyy\u00fcp Karahan \u2013 Senior Program Officer (SPO)<\/p>\n<p style=\"text-align: center;\">Orhan Solak \u2013 Program Coordinator<\/p>\n<p style=\"text-align: center;\">Dr. \u00c7i\u011fdem Tu\u011fa\u00e7 \u2013 Branch Manager \/ Project Executive<\/p>\n<p style=\"text-align: center;\">Ay\u00e7in K\u0131z\u0131lbey \u2013 Environment and Urbanization Specialist<\/p>\n<p style=\"text-align: center;\">Elif \u00d6zcan \u00d6zturgut &#8211; Environment and Urbanization Specialist<\/p>\n<p style=\"text-align: center;\">Fatih K\u0131l\u0131\u00e7 \u2013 Engineer<\/p>\n<p style=\"text-align: center;\">Neslihan A\u011fartan &#8211; Environment and Urbanization Specialist<\/p>\n<\/div><\/div><\/div><\/div><\/div><div class=\"vc_col-sm-6 wpb_column vc_column_container\"><div class=\"vc_column-inner\"><div class=\"wpb_wrapper\"><div class=\"w-separator size_medium with_line width_default thick_1 style_solid color_border align_center with_text with_content\"><div class=\"w-separator-h\"><h2 class=\"w-separator-text\"><span>Technical Assistance Team<\/span><\/h2><\/div><\/div><div class=\"wpb_text_column us_custom_3e579a9b\" ><div class=\"wpb_wrapper\"><p style=\"text-align: center;\">Prof. Dr. G\u00fclen G\u00fcll\u00fc \u2013 Team Leader<\/p>\n<p style=\"text-align: center;\">Evren \u0130lke Dener Kala\u00e7 \u2013 Project Director<\/p>\n<p style=\"text-align: center;\">Selma G\u00fcven \u2013 Statistician<\/p>\n<p style=\"text-align: center;\">Emel Beliz Demircan \u2013 Project Officer<\/p>\n<p style=\"text-align: center;\">\u0130rem Hatipo\u011flu Koca-Project Officer<\/p>\n<\/div><\/div><\/div><\/div><\/div><\/div><\/div><\/section>\n","protected":false},"excerpt":{"rendered":"\u0130klimiDuy About the Project Project Team Project Support Team About the ProjectThe project titled \u201cTraining on Organizational Capacity Building for Climate Change Adaptation\u201d, which is financed by the European Union and the beneficiary institution of which is the Ministry of Environment and Urbanization, is carried out by a consortium led by WEglobal. Within the scope...","protected":false},"author":1,"featured_media":0,"parent":0,"menu_order":0,"comment_status":"closed","ping_status":"closed","template":"","meta":[],"_links":{"self":[{"href":"https:\/\/www.iklimiduy.org\/en\/wp-json\/wp\/v2\/pages\/8471"}],"collection":[{"href":"https:\/\/www.iklimiduy.org\/en\/wp-json\/wp\/v2\/pages"}],"about":[{"href":"https:\/\/www.iklimiduy.org\/en\/wp-json\/wp\/v2\/types\/page"}],"author":[{"embeddable":true,"href":"https:\/\/www.iklimiduy.org\/en\/wp-json\/wp\/v2\/users\/1"}],"replies":[{"embeddable":true,"href":"https:\/\/www.iklimiduy.org\/en\/wp-json\/wp\/v2\/comments?post=8471"}],"version-history":[{"count":3,"href":"https:\/\/www.iklimiduy.org\/en\/wp-json\/wp\/v2\/pages\/8471\/revisions"}],"predecessor-version":[{"id":9060,"href":"https:\/\/www.iklimiduy.org\/en\/wp-json\/wp\/v2\/pages\/8471\/revisions\/9060"}],"wp:attachment":[{"href":"https:\/\/www.iklimiduy.org\/en\/wp-json\/wp\/v2\/media?parent=8471"}],"curies":[{"name":"wp","href":"https:\/\/api.w.org\/{rel}","templated":true}]}}