{"id":8467,"date":"2020-04-14T09:02:30","date_gmt":"2020-04-14T06:02:30","guid":{"rendered":"https:\/\/www.iklimiduy.org\/iletisim\/"},"modified":"2021-04-02T10:26:10","modified_gmt":"2021-04-02T07:26:10","slug":"contact","status":"publish","type":"page","link":"https:\/\/www.iklimiduy.org\/en\/contact\/","title":{"rendered":"Contact"},"content":{"rendered":"<section class=\"l-section wpb_row height_medium color_primary with_img parallax_ver with_overlay\"><div class=\"l-section-img\" style=\"background-image: url(https:\/\/www.iklimiduy.org\/wp-content\/uploads\/2020\/04\/green-foliage.jpg);\" data-img-width=\"1920\" data-img-height=\"1280\"><\/div><div class=\"l-section-overlay\" style=\"background: rgba(115,179,96,0.80)\"><\/div><div class=\"l-section-h i-cf\"><div class=\"g-cols vc_row type_default valign_top\"><div class=\"vc_col-sm-12 wpb_column vc_column_container\"><div class=\"vc_column-inner\"><div class=\"wpb_wrapper\"><div class=\"wpb_text_column us_custom_6556fba6\" ><div class=\"wpb_wrapper\"><h1>Contact<\/h1>\n<\/div><\/div><div class=\"w-separator size_medium\"><\/div><div class=\"g-cols wpb_row  type_default valign_top vc_inner\"><div class=\"vc_col-sm-8 wpb_column vc_column_container\"><div class=\"vc_column-inner\"><div class=\"wpb_wrapper\"><div class=\"wpb_text_column\" ><div class=\"wpb_wrapper\"><h3>Ministry of Environment and Urbanisation \u2013 Directorate General of Environmental Management<\/h3>\n<p>Mustafa Kemal Mahallesi Eski\u015fehir Devlet Yolu (Dumlup\u0131nar Bulvar\u0131) 9.Km. No: 278<br \/>\n\u00c7ankaya \/ Ankara<\/p>\n<p>+90 312 410 10 00<br \/>\n<b>info@iklimiduy.org<\/b><\/p>\n<\/div><\/div><\/div><\/div><\/div><div class=\"vc_col-sm-4 wpb_column vc_column_container\"><div class=\"vc_column-inner\"><div class=\"wpb_wrapper\"><div class=\"wpb_text_column\" ><div class=\"wpb_wrapper\"><h4 style=\"text-align: center;\">Contact Us<\/h4>\n<\/div><\/div><form class=\"w-form  layout_ver for_cform us_form_1\" autocomplete=\"off\" action=\"https:\/\/www.iklimiduy.org\/en\/wp-json\/wp\/v2\/pages\/8467\" method=\"post\"><div class=\"w-form-h\"><div class=\"w-form-row for_text\">\r\n\t\t<div class=\"w-form-row-field\">\r\n\t\t\t\t\t\t<input aria-label=\"Name and Surname\" type=\"text\" name=\"us_form_1_text_1\" value placeholder=\"Name and Surname\"\/>\r\n\t\t\t<\/div>\r\n\t\t<div class=\"w-form-row-state\">Fill out this field<\/div>\r\n<\/div>\r\n<div class=\"w-form-row for_email required\">\r\n\t\t<div class=\"w-form-row-field\">\r\n\t\t\t\t\t\t<input aria-label=\"E-Mail\" type=\"email\" name=\"us_form_1_email_1\" value placeholder=\"E-Mail *\" data-required=\"true\" aria-required=\"true\"\/>\r\n\t\t\t<\/div>\r\n\t\t<div class=\"w-form-row-state\">Please enter a valid email address.<\/div>\r\n<\/div>\r\n<div class=\"w-form-row for_text\">\r\n\t\t<div class=\"w-form-row-field\">\r\n\t\t\t\t\t\t<input aria-label=\"Organization\" type=\"text\" name=\"us_form_1_text_2\" value placeholder=\"Organization\"\/>\r\n\t\t\t<\/div>\r\n\t\t<div class=\"w-form-row-state\">Fill out this field<\/div>\r\n<\/div>\r\n<div class=\"w-form-row for_textarea\">\r\n\t\t<div class=\"w-form-row-field\">\r\n\t\t\t\t\t\t<textarea aria-label=\"Message\" name=\"us_form_1_textarea_1\" placeholder=\"Message\"><\/textarea>\r\n\t\t\t<\/div>\r\n\t\t<div class=\"w-form-row-state\">Fill out this field<\/div>\r\n<\/div>\r\n<input type=\"hidden\" name=\"action\" value=\"us_ajax_cform\" \/><input type=\"hidden\" name=\"post_id\" value \/><input type=\"hidden\" name=\"form_index\" value=\"1\" \/><div class=\"w-form-row for_submit width_full\">\r\n\t<div class=\"w-form-row-field\">\r\n\t\t\t\t<button class=\"w-btn  us-btn-style_25\" aria-label=\"Submit\" type=\"submit\">\r\n\t\t\t<span class=\"g-preloader type_1\"><\/span>\r\n\t\t\t\t\t\t<span class=\"w-btn-label\">Submit<\/span>\r\n\t\t\t\t\t<\/button>\r\n\t<\/div>\r\n<\/div><\/div><div class=\"w-form-message\"><\/div><div class=\"w-form-json hidden\" onclick='return {&quot;ajaxurl&quot;:&quot;https:\\\/\\\/www.iklimiduy.org\\\/wp-admin\\\/admin-ajax.php&quot;}'><\/div><\/form><\/div><\/div><\/div><\/div><div class=\"w-separator size_medium\"><\/div><\/div><\/div><\/div><\/div><\/div><\/section>\n","protected":false},"excerpt":{"rendered":"Contact Ministry of Environment and Urbanisation \u2013 Directorate General of Environmental Management Mustafa Kemal Mahallesi Eski\u015fehir Devlet Yolu (Dumlup\u0131nar Bulvar\u0131) 9.Km. No: 278 \u00c7ankaya \/ Ankara +90 312 410 10 00 info@iklimiduy.org Contact Us Fill out this field Please enter a valid email address. Fill out this field Fill out this field Submit","protected":false},"author":1,"featured_media":0,"parent":0,"menu_order":0,"comment_status":"closed","ping_status":"closed","template":"","meta":[],"_links":{"self":[{"href":"https:\/\/www.iklimiduy.org\/en\/wp-json\/wp\/v2\/pages\/8467"}],"collection":[{"href":"https:\/\/www.iklimiduy.org\/en\/wp-json\/wp\/v2\/pages"}],"about":[{"href":"https:\/\/www.iklimiduy.org\/en\/wp-json\/wp\/v2\/types\/page"}],"author":[{"embeddable":true,"href":"https:\/\/www.iklimiduy.org\/en\/wp-json\/wp\/v2\/users\/1"}],"replies":[{"embeddable":true,"href":"https:\/\/www.iklimiduy.org\/en\/wp-json\/wp\/v2\/comments?post=8467"}],"version-history":[{"count":2,"href":"https:\/\/www.iklimiduy.org\/en\/wp-json\/wp\/v2\/pages\/8467\/revisions"}],"predecessor-version":[{"id":8470,"href":"https:\/\/www.iklimiduy.org\/en\/wp-json\/wp\/v2\/pages\/8467\/revisions\/8470"}],"wp:attachment":[{"href":"https:\/\/www.iklimiduy.org\/en\/wp-json\/wp\/v2\/media?parent=8467"}],"curies":[{"name":"wp","href":"https:\/\/api.w.org\/{rel}","templated":true}]}}